{"id":727,"date":"2018-01-12T10:34:15","date_gmt":"2018-01-12T09:34:15","guid":{"rendered":"https:\/\/www.marinarivadelgarda.com\/?page_id=727"},"modified":"2025-02-06T15:18:28","modified_gmt":"2025-02-06T14:18:28","slug":"lage-und-umgebung","status":"publish","type":"page","link":"https:\/\/www.marinarivadelgarda.com\/de\/lage-und-umgebung\/","title":{"rendered":"Lage Und Umgebung"},"content":{"rendered":"<section class=\"l-section wpb_row height_auto\"><div class=\"l-section-h i-cf\"><div class=\"g-cols vc_row via_grid cols_1 laptops-cols_inherit tablets-cols_inherit mobiles-cols_1 valign_middle type_default stacking_default\"><div class=\"wpb_column vc_column_container\"><div class=\"vc_column-inner\"><div id=\"ultimate-heading-35886a08f2b693aae\" class=\"uvc-heading ult-adjust-bottom-margin ultimate-heading-35886a08f2b693aae uvc-7964 \" data-hspacer=\"image_only\"  data-halign=\"center\" style=\"text-align:center\"><div class=\"uvc-main-heading ult-responsive\"  data-ultimate-target='.uvc-heading.ultimate-heading-35886a08f2b693aae h1'  data-responsive-json-new='{\"font-size\":\"\",\"line-height\":\"\"}' ><h1 style=\"font-weight:normal;color:#22afec;margin-top:50px;\">LAGE UND UMGEBUNG<\/h1><\/div><div class=\"uvc-heading-spacer image_only\" style=\"margin-top:10px;margin-bottom:10px;\"><img decoding=\"async\" src=\"https:\/\/www.marinarivadelgarda.com\/wp-content\/uploads\/2017\/11\/divisore-onda-verde.svg\" class=\"ultimate-headings-icon-image\" alt=\"null\" style=\"width:48px\"\/><\/div><div class=\"uvc-sub-heading ult-responsive\"  data-ultimate-target='.uvc-heading.ultimate-heading-35886a08f2b693aae .uvc-sub-heading '  data-responsive-json-new='{\"font-size\":\"desktop:22px;\",\"line-height\":\"\"}'  style=\"font-weight:normal;margin-bottom:50px;\"><span style=\"color: #e48613;\">1 km vom Strand und 2 km vom Zentrum entfernt.<\/span><\/div><\/div><div class=\"wpb_text_column\"><div class=\"wpb_wrapper\"><p style=\"text-align: center;\">Die Residence Marina liegt in einer h\u00fcgeligen Gegend mit Panoramablick zwischen Riva del Garda und Torbole<br \/>\nnur ein paar Minuten vom Zentrum und 1 km vom Strand &#8222;Sabbioni&#8220; entfernt. Der gr\u00f6\u00dfte und am besten ausgestattete Strand im Garda-Trentino-Gebiet.<\/p>\n<\/div><\/div><div class=\"g-cols wpb_row via_grid cols_2-1 laptops-cols_inherit tablets-cols_inherit mobiles-cols_1 valign_middle type_default stacking_default\" style=\"--columns-gap:3rem;\"><div class=\"wpb_column vc_column_container\"><div class=\"vc_column-inner\"><div class=\"w-image i800 align_left\"><div class=\"w-image-h\"><img decoding=\"async\" src=\"https:\/\/www.marinarivadelgarda.com\/wp-content\/uploads\/2018\/01\/mappa2.svg\" class=\"attachment-full size-full\" alt=\"\" loading=\"lazy\" \/><\/div><\/div><\/div><\/div><div class=\"wpb_column vc_column_container\"><div class=\"vc_column-inner\"><div class=\"wpb_text_column us_custom_b07527cb\"><div class=\"wpb_wrapper\"><p>APOTHEKE IM ZENTRUM VON RIVA DEL GARDA &#8211; 2KM<br \/>\n\u00c4RZTLICHER NOTDIENST &#8211; 300 METER<br \/>\nSUPERMARKT &#8211; 700 METER<\/p>\n<p>STRAND SABBIONI &#8211; 1 KM<br \/>\nSTRAND DEI PINI &#8211; 600 METER<br \/>\nHAFEN SAN NICOL\u00d2 &#8211; 300 METER<\/p>\n<\/div><\/div><\/div><\/div><\/div><\/div><\/div><\/div><\/div><\/section><section class=\"l-section wpb_row height_medium\"><div class=\"l-section-h i-cf\"><div class=\"g-cols vc_row via_grid cols_1 laptops-cols_inherit tablets-cols_inherit mobiles-cols_1 valign_top type_default stacking_default\"><div class=\"wpb_column vc_column_container\"><div class=\"vc_column-inner\"><div id=\"ultimate-heading-80776a08f2b6959f8\" class=\"uvc-heading ult-adjust-bottom-margin ultimate-heading-80776a08f2b6959f8 uvc-2411 \" data-hspacer=\"image_only\"  data-halign=\"center\" style=\"text-align:center\"><div class=\"uvc-main-heading ult-responsive\"  data-ultimate-target='.uvc-heading.ultimate-heading-80776a08f2b6959f8 h1'  data-responsive-json-new='{\"font-size\":\"\",\"line-height\":\"\"}' ><h1 style=\"font-weight:normal;color:#22afec;margin-top:50px;\">UNTERWEGS<\/h1><\/div><div class=\"uvc-heading-spacer image_only\" style=\"margin-top:10px;margin-bottom:10px;\"><img decoding=\"async\" src=\"https:\/\/www.marinarivadelgarda.com\/wp-content\/uploads\/2017\/11\/divisore-onda-verde.svg\" class=\"ultimate-headings-icon-image\" alt=\"null\" style=\"width:48px\"\/><\/div><div class=\"uvc-sub-heading ult-responsive\"  data-ultimate-target='.uvc-heading.ultimate-heading-80776a08f2b6959f8 .uvc-sub-heading '  data-responsive-json-new='{\"font-size\":\"desktop:22px;\",\"line-height\":\"\"}'  style=\"font-weight:normal;margin-bottom:50px;\"><span style=\"color: #e48613;\">Gardasee und Umgebung<\/span><\/div><\/div><div id=\"ult-carousel-26096918796a08f2b695b4d\" class=\"ult-carousel-wrapper  vc_custom_1512136470551  ult_horizontal\" data-gutter=\"25\" data-rtl=\"false\" ><div class=\"ult-carousel-19214800776a08f2b695af9 \" ><div class=\"ult-item-wrap\" data-animation=\"animated no-animation\"><div class=\"g-cols wpb_row via_grid cols_1-2 laptops-cols_inherit tablets-cols_inherit mobiles-cols_1 valign_middle type_boxes stacking_default\" style=\"--columns-gap:3rem;\"><div class=\"ult-item-wrap\" data-animation=\"animated no-animation\"><div class=\"wpb_column vc_column_container\"><div class=\"vc_column-inner\"><div class=\"ult-item-wrap\" data-animation=\"animated no-animation\"><div id=\"ultimate-heading-51846a08f2b696063\" class=\"uvc-heading ult-adjust-bottom-margin ultimate-heading-51846a08f2b696063 uvc-8398 \" data-hspacer=\"line_only\"  data-halign=\"left\" style=\"text-align:left\"><div class=\"uvc-main-heading ult-responsive\"  data-ultimate-target='.uvc-heading.ultimate-heading-51846a08f2b696063 h3'  data-responsive-json-new='{\"font-size\":\"desktop:30px;\",\"line-height\":\"\"}' ><h3 style=\"font-weight:normal;color:#22afec;\">TENNO-SEE<\/h3><\/div><div class=\"uvc-sub-heading ult-responsive\"  data-ultimate-target='.uvc-heading.ultimate-heading-51846a08f2b696063 .uvc-sub-heading '  data-responsive-json-new='{\"font-size\":\"desktop:18px;\",\"line-height\":\"\"}'  style=\"font-weight:normal;color:#e48613;\">15 km von der Residence Marina entfernt.<\/div><div class=\"uvc-heading-spacer line_only\" style=\"margin-top:10px;margin-bottom:40px;height:1px;\"><span class=\"uvc-headings-line\" style=\"border-style:solid;border-bottom-width:1px;border-color:#22afec;width:80px;\"><\/span><\/div><\/div><\/div><div class=\"ult-item-wrap\" data-animation=\"animated no-animation\"><div class=\"wpb_text_column\"><div class=\"wpb_wrapper\"><p>Der Tenno-See, ein kleines nat\u00fcrliches Becken, gekennzeichnet durch eine intensive blaue Farbe, scheint aus der Farbpalette eines Malers zu kommen und ist eines der saubersten S\u00fc\u00dfwasserbecken Italiens. Der Verkehr von Motorbooten ist verboten.<\/p>\n<\/div><\/div><\/div><\/div><\/div><\/div><div class=\"ult-item-wrap\" data-animation=\"animated no-animation\"><div class=\"wpb_column vc_column_container\"><div class=\"vc_column-inner\"><div class=\"ult-item-wrap\" data-animation=\"animated no-animation\"><div class=\"w-image align_none\"><div class=\"w-image-h\"><img decoding=\"async\" width=\"1024\" height=\"750\" src=\"https:\/\/www.marinarivadelgarda.com\/wp-content\/uploads\/2017\/12\/lago-di-tenno-1024x750.jpg\" class=\"attachment-us_1024_750_crop size-us_1024_750_crop\" alt=\"\" loading=\"lazy\" \/><\/div><\/div><\/div><\/div><\/div><\/div><\/div><\/div><div class=\"ult-item-wrap\" data-animation=\"animated no-animation\"><div class=\"g-cols wpb_row via_grid cols_1-2 laptops-cols_inherit tablets-cols_inherit mobiles-cols_1 valign_middle type_boxes stacking_default\" style=\"--columns-gap:3rem;\"><div class=\"ult-item-wrap\" data-animation=\"animated no-animation\"><div class=\"wpb_column vc_column_container\"><div class=\"vc_column-inner\"><div class=\"ult-item-wrap\" data-animation=\"animated no-animation\"><div id=\"ultimate-heading-52376a08f2b697026\" class=\"uvc-heading ult-adjust-bottom-margin ultimate-heading-52376a08f2b697026 uvc-9867 \" data-hspacer=\"line_only\"  data-halign=\"left\" style=\"text-align:left\"><div class=\"uvc-main-heading ult-responsive\"  data-ultimate-target='.uvc-heading.ultimate-heading-52376a08f2b697026 h3'  data-responsive-json-new='{\"font-size\":\"desktop:30px;\",\"line-height\":\"\"}' ><h3 style=\"font-weight:normal;color:#22afec;\">LEDRO-SEE<\/h3><\/div><div class=\"uvc-sub-heading ult-responsive\"  data-ultimate-target='.uvc-heading.ultimate-heading-52376a08f2b697026 .uvc-sub-heading '  data-responsive-json-new='{\"font-size\":\"desktop:18px;\",\"line-height\":\"\"}'  style=\"font-weight:normal;color:#e48613;\">15 km von der Residence Marina entfernt.<\/div><div class=\"uvc-heading-spacer line_only\" style=\"margin-top:10px;margin-bottom:40px;height:1px;\"><span class=\"uvc-headings-line\" style=\"border-style:solid;border-bottom-width:1px;border-color:#22afec;width:80px;\"><\/span><\/div><\/div><\/div><div class=\"ult-item-wrap\" data-animation=\"animated no-animation\"><div class=\"wpb_text_column\"><div class=\"wpb_wrapper\"><p>Ein kleines Juwel unter den sch\u00f6nsten und saubersten in ganz Trentino. Der Ledro-See liegt oberhalb des Alto Garda auf einer H\u00f6he von etwa 650 Metern. Im Gegensatz zum Tenno-See, ist hier neben den meisten Wassersportarten wie Windsurfen, Segeln und Angeln auch motorisierte Navigation erlaubt.<\/p>\n<\/div><\/div><\/div><\/div><\/div><\/div><div class=\"ult-item-wrap\" data-animation=\"animated no-animation\"><div class=\"wpb_column vc_column_container\"><div class=\"vc_column-inner\"><div class=\"ult-item-wrap\" data-animation=\"animated no-animation\"><div class=\"w-image align_none\"><div class=\"w-image-h\"><img decoding=\"async\" width=\"1024\" height=\"750\" src=\"https:\/\/www.marinarivadelgarda.com\/wp-content\/uploads\/2017\/12\/lago-di-ledro-1024x750.jpeg\" class=\"attachment-us_1024_750_crop size-us_1024_750_crop\" alt=\"\" loading=\"lazy\" \/><\/div><\/div><\/div><\/div><\/div><\/div><\/div><\/div><div class=\"ult-item-wrap\" data-animation=\"animated no-animation\"><div class=\"g-cols wpb_row via_grid cols_1-2 laptops-cols_inherit tablets-cols_inherit mobiles-cols_1 valign_middle type_boxes stacking_default\" style=\"--columns-gap:3rem;\"><div class=\"ult-item-wrap\" data-animation=\"animated no-animation\"><div class=\"wpb_column vc_column_container\"><div class=\"vc_column-inner\"><div class=\"ult-item-wrap\" data-animation=\"animated no-animation\"><div id=\"ultimate-heading-38016a08f2b697fcd\" class=\"uvc-heading ult-adjust-bottom-margin ultimate-heading-38016a08f2b697fcd uvc-5465 \" data-hspacer=\"line_only\"  data-halign=\"left\" style=\"text-align:left\"><div class=\"uvc-main-heading ult-responsive\"  data-ultimate-target='.uvc-heading.ultimate-heading-38016a08f2b697fcd h3'  data-responsive-json-new='{\"font-size\":\"desktop:30px;\",\"line-height\":\"\"}' ><h3 style=\"font-weight:normal;color:#22afec;\">WASSERF\u00c4LLE VARONE<\/h3><\/div><div class=\"uvc-sub-heading ult-responsive\"  data-ultimate-target='.uvc-heading.ultimate-heading-38016a08f2b697fcd .uvc-sub-heading '  data-responsive-json-new='{\"font-size\":\"desktop:18px;\",\"line-height\":\"\"}'  style=\"font-weight:normal;color:#e48613;\">5 km von der Residence Marina entfernt.<\/div><div class=\"uvc-heading-spacer line_only\" style=\"margin-top:10px;margin-bottom:40px;height:1px;\"><span class=\"uvc-headings-line\" style=\"border-style:solid;border-bottom-width:1px;border-color:#22afec;width:80px;\"><\/span><\/div><\/div><\/div><div class=\"ult-item-wrap\" data-animation=\"animated no-animation\"><div class=\"wpb_text_column\"><div class=\"wpb_wrapper\"><p>Etwa 100 Meter hoch und sie werden unterirdisch aus dem wundersch\u00f6nen Tenno-Sees gespeist, die Wasserf\u00e4lle Varone und die beeindruckenden H\u00f6hlen sind ein Anblick, den du nicht verpassen darfst.<\/p>\n<\/div><\/div><\/div><\/div><\/div><\/div><div class=\"ult-item-wrap\" data-animation=\"animated no-animation\"><div class=\"wpb_column vc_column_container\"><div class=\"vc_column-inner\"><div class=\"ult-item-wrap\" data-animation=\"animated no-animation\"><div class=\"w-image align_none\"><div class=\"w-image-h\"><img decoding=\"async\" width=\"1024\" height=\"750\" src=\"https:\/\/www.marinarivadelgarda.com\/wp-content\/uploads\/2017\/12\/lago-di-ledro-1024x750.jpeg\" class=\"attachment-us_1024_750_crop size-us_1024_750_crop\" alt=\"\" loading=\"lazy\" \/><\/div><\/div><\/div><\/div><\/div><\/div><\/div><\/div><div class=\"ult-item-wrap\" data-animation=\"animated no-animation\"><div class=\"g-cols wpb_row via_grid cols_1-2 laptops-cols_inherit tablets-cols_inherit mobiles-cols_1 valign_middle type_boxes stacking_default\" style=\"--columns-gap:3rem;\"><div class=\"ult-item-wrap\" data-animation=\"animated no-animation\"><div class=\"wpb_column vc_column_container\"><div class=\"vc_column-inner\"><div class=\"ult-item-wrap\" data-animation=\"animated no-animation\"><div id=\"ultimate-heading-57836a08f2b698a9b\" class=\"uvc-heading ult-adjust-bottom-margin ultimate-heading-57836a08f2b698a9b uvc-6455 \" data-hspacer=\"line_only\"  data-halign=\"left\" style=\"text-align:left\"><div class=\"uvc-main-heading ult-responsive\"  data-ultimate-target='.uvc-heading.ultimate-heading-57836a08f2b698a9b h3'  data-responsive-json-new='{\"font-size\":\"desktop:30px;\",\"line-height\":\"\"}' ><h3 style=\"font-weight:normal;color:#22afec;\">MOLVENO-SEE<\/h3><\/div><div class=\"uvc-sub-heading ult-responsive\"  data-ultimate-target='.uvc-heading.ultimate-heading-57836a08f2b698a9b .uvc-sub-heading '  data-responsive-json-new='{\"font-size\":\"desktop:18px;\",\"line-height\":\"\"}'  style=\"font-weight:normal;color:#e48613;\">50 km von der Residence Marina entfernt.<\/div><div class=\"uvc-heading-spacer line_only\" style=\"margin-top:10px;margin-bottom:40px;height:1px;\"><span class=\"uvc-headings-line\" style=\"border-style:solid;border-bottom-width:1px;border-color:#22afec;width:80px;\"><\/span><\/div><\/div><\/div><div class=\"ult-item-wrap\" data-animation=\"animated no-animation\"><div class=\"wpb_text_column\"><div class=\"wpb_wrapper\"><p>Eine nat\u00fcrliche Oase und immun gegen Verschmutzung, ist laut &#8222;Legambiente&#8220; der sch\u00f6nste Italiens und ein au\u00dfergew\u00f6hnliches Beispiel f\u00fcr Landmanagement. Ein weiteres kleines Juwel im Naturpark Adamello-Brenta.<\/p>\n<\/div><\/div><\/div><\/div><\/div><\/div><div class=\"ult-item-wrap\" data-animation=\"animated no-animation\"><div class=\"wpb_column vc_column_container\"><div class=\"vc_column-inner\"><div class=\"ult-item-wrap\" data-animation=\"animated no-animation\"><div class=\"w-image align_none\"><div class=\"w-image-h\"><img decoding=\"async\" width=\"1024\" height=\"750\" src=\"https:\/\/www.marinarivadelgarda.com\/wp-content\/uploads\/2017\/12\/molveno-1024x750.jpg\" class=\"attachment-us_1024_750_crop size-us_1024_750_crop\" alt=\"\" loading=\"lazy\" \/><\/div><\/div><\/div><\/div><\/div><\/div><\/div><\/div><\/div><\/div>\t\t\t<script type=\"text\/javascript\">\n\t\t\t\tjQuery(document).ready(function ($) {\n\t\t\t\t\tif( typeof jQuery('.ult-carousel-19214800776a08f2b695af9').slick == \"function\"){\n\t\t\t\t\t\t$('.ult-carousel-19214800776a08f2b695af9').slick({dots: true,autoplaySpeed: \"5000\",speed: \"1200\",infinite: false,arrows: true,nextArrow: '<button type=\"button\" role=\"button\" aria-label=\"Next\" style=\"color:#ffffff; font-size:30px;background:#22afec;\" class=\"slick-next square-bg\"><i class=\"ultsl-arrow-right4\"><\/i><\/button>',prevArrow: '<button type=\"button\" role=\"button\" aria-label=\"Previous\" style=\"color:#ffffff; font-size:30px;background:#22afec;\" class=\"slick-prev square-bg\"><i class=\"ultsl-arrow-left4\"><\/i><\/button>',slidesToScroll:1,slidesToShow:1,swipe: true,draggable: true,touchMove: true,pauseOnHover: true,pauseOnFocus: false,responsive: [\n\t\t\t\t\t\t\t{\n\t\t\t\t\t\t\t  breakpoint: 1026,\n\t\t\t\t\t\t\t  settings: {\n\t\t\t\t\t\t\t\tslidesToShow: 1,\n\t\t\t\t\t\t\t\tslidesToScroll: 1,  \n\t\t\t\t\t\t\t  }\n\t\t\t\t\t\t\t},\n\t\t\t\t\t\t\t{\n\t\t\t\t\t\t\t  breakpoint: 1025,\n\t\t\t\t\t\t\t  settings: {\n\t\t\t\t\t\t\t\tslidesToShow: 1,\n\t\t\t\t\t\t\t\tslidesToScroll: 1\n\t\t\t\t\t\t\t  }\n\t\t\t\t\t\t\t},\n\t\t\t\t\t\t\t{\n\t\t\t\t\t\t\t  breakpoint: 760,\n\t\t\t\t\t\t\t  settings: {\n\t\t\t\t\t\t\t\tslidesToShow: 1,\n\t\t\t\t\t\t\t\tslidesToScroll: 1\n\t\t\t\t\t\t\t  }\n\t\t\t\t\t\t\t}\n\t\t\t\t\t\t],pauseOnDotsHover: true,customPaging: function(slider, i) {\n                   return '<i type=\"button\" style= \"color:#22afec;\" class=\"ultsl-radio-checked\" data-role=\"none\"><\/i>';\n                },});\n\t\t\t\t\t}\n\t\t\t\t});\n\t\t\t<\/script>\n\t\t\t<\/div><\/div><\/div><\/div><\/section>\n","protected":false},"excerpt":{"rendered":"LAGE UND UMGEBUNG1 km vom Strand und 2 km vom Zentrum entfernt. Die Residence Marina liegt in einer h\u00fcgeligen Gegend mit Panoramablick zwischen Riva del Garda und Torbole nur ein paar Minuten vom Zentrum und 1 km vom Strand &#8222;Sabbioni&#8220; entfernt. Der gr\u00f6\u00dfte und am besten ausgestattete Strand im Garda-Trentino-Gebiet. APOTHEKE IM ZENTRUM VON RIVA...","protected":false},"author":1,"featured_media":0,"parent":0,"menu_order":0,"comment_status":"closed","ping_status":"closed","template":"","meta":{"inline_featured_image":false,"footnotes":""},"class_list":["post-727","page","type-page","status-publish","hentry"],"_links":{"self":[{"href":"https:\/\/www.marinarivadelgarda.com\/de\/wp-json\/wp\/v2\/pages\/727","targetHints":{"allow":["GET"]}}],"collection":[{"href":"https:\/\/www.marinarivadelgarda.com\/de\/wp-json\/wp\/v2\/pages"}],"about":[{"href":"https:\/\/www.marinarivadelgarda.com\/de\/wp-json\/wp\/v2\/types\/page"}],"author":[{"embeddable":true,"href":"https:\/\/www.marinarivadelgarda.com\/de\/wp-json\/wp\/v2\/users\/1"}],"replies":[{"embeddable":true,"href":"https:\/\/www.marinarivadelgarda.com\/de\/wp-json\/wp\/v2\/comments?post=727"}],"version-history":[{"count":4,"href":"https:\/\/www.marinarivadelgarda.com\/de\/wp-json\/wp\/v2\/pages\/727\/revisions"}],"predecessor-version":[{"id":1289,"href":"https:\/\/www.marinarivadelgarda.com\/de\/wp-json\/wp\/v2\/pages\/727\/revisions\/1289"}],"wp:attachment":[{"href":"https:\/\/www.marinarivadelgarda.com\/de\/wp-json\/wp\/v2\/media?parent=727"}],"curies":[{"name":"wp","href":"https:\/\/api.w.org\/{rel}","templated":true}]}}