{"id":736,"date":"2018-01-12T10:51:45","date_gmt":"2018-01-12T09:51:45","guid":{"rendered":"https:\/\/www.marinarivadelgarda.com\/?page_id=736"},"modified":"2025-02-06T15:18:29","modified_gmt":"2025-02-06T14:18:29","slug":"angebote","status":"publish","type":"page","link":"https:\/\/www.marinarivadelgarda.com\/de\/angebote\/","title":{"rendered":"Angebote"},"content":{"rendered":"<section class=\"l-section wpb_row us_custom_d2199d32 fascia-offerte height_medium\"><div class=\"l-section-h i-cf\"><div class=\"g-cols vc_row via_grid cols_1 laptops-cols_inherit tablets-cols_inherit mobiles-cols_1 valign_middle type_default stacking_default\"><div class=\"wpb_column vc_column_container\"><div class=\"vc_column-inner\"><div class=\"w-image i400 align_center\"><div class=\"w-image-h\"><img decoding=\"async\" src=\"https:\/\/www.marinarivadelgarda.com\/wp-content\/uploads\/2017\/11\/logo-menu-blu.svg\" class=\"attachment-full size-full\" alt=\"\" loading=\"lazy\" \/><\/div><\/div><div id=\"ultimate-heading-68336a08f1f2af9ab\" class=\"uvc-heading ult-adjust-bottom-margin ultimate-heading-68336a08f1f2af9ab uvc-3804 \" data-hspacer=\"no_spacer\"  data-halign=\"center\" style=\"text-align:center\"><div class=\"uvc-heading-spacer no_spacer\" style=\"top\"><\/div><div class=\"uvc-main-heading ult-responsive\"  data-ultimate-target='.uvc-heading.ultimate-heading-68336a08f1f2af9ab h1'  data-responsive-json-new='{\"font-size\":\"\",\"line-height\":\"\"}' ><h1 style=\"font-weight:normal;color:#e48613;\">DIE ANGEBOTE DER DIREKTBUCHUNG<\/h1><\/div><\/div><div class=\"w-grid type_grid layout_829 cols_2 overflow_hidden\" id=\"us_grid_1\" style=\"--columns:2;--gap:5px;\" data-filterable=\"true\"><style>@media (max-width:600px){#us_grid_1{--columns:1!important}}.layout_829 .w-grid-item-h{background:#ffffff;border-radius:0.3rem;box-shadow:0 0.03rem 0.06rem rgba(0,0,0,0.1),0 0.1rem 0.3rem rgba(0,0,0,0.1);transition-duration:0.3s}.no-touch .layout_829 .w-grid-item-h:hover{box-shadow:0 0.1rem 0.2rem rgba(0,0,0,0.1),0 0.33rem 1rem rgba(0,0,0,0.15);z-index:4}.layout_829 .usg_post_title_1{font-family:var(--h1-font-family)!important;font-size:1.2rem!important;font-weight:700!important}.layout_829 .usg_vwrapper_1{padding:9% 11% 11% 11%!important}<\/style><div class=\"w-grid-list\">\t<article class=\"w-grid-item size_1x1 post-708 post type-post status-publish format-standard has-post-thumbnail hentry category-angebote category-non-categorizzato\" data-id=\"708\">\r\n\t\t<div class=\"w-grid-item-h\">\r\n\t\t\t\t\t\t<div class=\"w-post-elm post_image usg_post_image_1 stretched\"><a href=\"https:\/\/www.marinarivadelgarda.com\/de\/direktbuchung-plus\/\" aria-label=\"DIREKTBUCHUNG PLUS\"><img loading=\"lazy\" decoding=\"async\" width=\"768\" height=\"512\" src=\"https:\/\/www.marinarivadelgarda.com\/wp-content\/uploads\/2017\/11\/DSC4471-Modifica-1-768x512.jpg\" class=\"attachment-us_768_0 size-us_768_0 wp-post-image\" alt=\"\" srcset=\"https:\/\/www.marinarivadelgarda.com\/wp-content\/uploads\/2017\/11\/DSC4471-Modifica-1-768x512.jpg 768w, https:\/\/www.marinarivadelgarda.com\/wp-content\/uploads\/2017\/11\/DSC4471-Modifica-1-300x200.jpg 300w, https:\/\/www.marinarivadelgarda.com\/wp-content\/uploads\/2017\/11\/DSC4471-Modifica-1-1024x682.jpg 1024w, https:\/\/www.marinarivadelgarda.com\/wp-content\/uploads\/2017\/11\/DSC4471-Modifica-1.jpg 1920w\" sizes=\"auto, (max-width: 768px) 100vw, 768px\" \/><\/a><\/div><div class=\"w-vwrapper usg_vwrapper_1 align_left valign_top\"><h2 class=\"w-post-elm post_title usg_post_title_1 entry-title color_link_inherit\"><a href=\"https:\/\/www.marinarivadelgarda.com\/de\/direktbuchung-plus\/\">DIREKTBUCHUNG PLUS<\/a><\/h2><div class=\"w-post-elm post_content usg_post_content_1\"><p>Entdecke alle Vorteile der Direktbuchung. Spare 10% im Gegensatz zu jeder anderen Buchungsseite.<\/p>\n<\/div><a class=\"w-btn us-btn-style_3 usg_btn_1\" href=\"https:\/\/www.marinarivadelgarda.com\/de\/direktbuchung-plus\/\"><span class=\"w-btn-label\">Leggi tutto<\/span><\/a><\/div>\t\t<\/div>\r\n\t\t\t<\/article>\r\n\t<article class=\"w-grid-item size_1x1 post-704 post type-post status-publish format-standard has-post-thumbnail hentry category-angebote category-non-categorizzato\" data-id=\"704\">\r\n\t\t<div class=\"w-grid-item-h\">\r\n\t\t\t\t\t\t<div class=\"w-post-elm post_image usg_post_image_1 stretched\"><a href=\"https:\/\/www.marinarivadelgarda.com\/de\/7-fuer-6-eine-nacht-gratis\/\" aria-label=\"7 F\u00dcR 6 &#8211; EINE NACHT GRATIS\"><img loading=\"lazy\" decoding=\"async\" width=\"768\" height=\"512\" src=\"https:\/\/www.marinarivadelgarda.com\/wp-content\/uploads\/2017\/11\/rm-1435-768x512.jpg\" class=\"attachment-us_768_0 size-us_768_0 wp-post-image\" alt=\"\" srcset=\"https:\/\/www.marinarivadelgarda.com\/wp-content\/uploads\/2017\/11\/rm-1435-768x512.jpg 768w, https:\/\/www.marinarivadelgarda.com\/wp-content\/uploads\/2017\/11\/rm-1435-300x200.jpg 300w, https:\/\/www.marinarivadelgarda.com\/wp-content\/uploads\/2017\/11\/rm-1435-1024x682.jpg 1024w, https:\/\/www.marinarivadelgarda.com\/wp-content\/uploads\/2017\/11\/rm-1435.jpg 1280w\" sizes=\"auto, (max-width: 768px) 100vw, 768px\" \/><\/a><\/div><div class=\"w-vwrapper usg_vwrapper_1 align_left valign_top\"><h2 class=\"w-post-elm post_title usg_post_title_1 entry-title color_link_inherit\"><a href=\"https:\/\/www.marinarivadelgarda.com\/de\/7-fuer-6-eine-nacht-gratis\/\">7 F\u00dcR 6 &#8211; EINE NACHT GRATIS<\/a><\/h2><div class=\"w-post-elm post_content usg_post_content_1\"><p>Angebot 7 N\u00e4chte Aufenthalt zum Preis von 6. G\u00fcltig nur f\u00fcr G\u00e4ste, die auf dem offiziellen Kanal buchen.<\/p>\n<\/div><a class=\"w-btn us-btn-style_3 usg_btn_1\" href=\"https:\/\/www.marinarivadelgarda.com\/de\/7-fuer-6-eine-nacht-gratis\/\"><span class=\"w-btn-label\">Leggi tutto<\/span><\/a><\/div>\t\t<\/div>\r\n\t\t\t<\/article>\r\n<\/div><div class=\"w-grid-preloader\">\t<div class=\"g-preloader type_3\">\r\n\t\t<div><\/div>\r\n\t<\/div>\r\n\t<\/div>\t<div class=\"w-grid-json hidden\" onclick='return {&quot;action&quot;:&quot;us_ajax_grid&quot;,&quot;infinite_scroll&quot;:0,&quot;max_num_pages&quot;:1,&quot;pagination&quot;:&quot;none&quot;,&quot;template_vars&quot;:{&quot;columns&quot;:&quot;2&quot;,&quot;exclude_items&quot;:&quot;none&quot;,&quot;img_size&quot;:&quot;us_768_0&quot;,&quot;ignore_items_size&quot;:0,&quot;items_layout&quot;:&quot;829&quot;,&quot;items_offset&quot;:&quot;1&quot;,&quot;load_animation&quot;:&quot;none&quot;,&quot;overriding_link&quot;:&quot;{\\&quot;url\\&quot;:\\&quot;\\&quot;}&quot;,&quot;post_id&quot;:0,&quot;query_args&quot;:{&quot;post_type&quot;:[&quot;post&quot;],&quot;tax_query&quot;:[{&quot;taxonomy&quot;:&quot;category&quot;,&quot;field&quot;:&quot;slug&quot;,&quot;terms&quot;:[&quot;angebote&quot;]}],&quot;post_status&quot;:[&quot;publish&quot;,&quot;mapped&quot;,&quot;needs_update&quot;],&quot;posts_per_page&quot;:&quot;10&quot;},&quot;orderby_query_args&quot;:{&quot;orderby&quot;:{&quot;date&quot;:&quot;DESC&quot;}},&quot;type&quot;:&quot;grid&quot;,&quot;us_grid_post_type&quot;:&quot;post&quot;,&quot;us_grid_ajax_index&quot;:1,&quot;us_grid_filter_query_string&quot;:null,&quot;us_grid_index&quot;:1,&quot;page_args&quot;:[],&quot;lang&quot;:&quot;de&quot;}}'><\/div>\r\n\t<\/div><\/div><\/div><\/div><\/div><\/section>\n","protected":false},"excerpt":{"rendered":"7 F\u00dcR 6 - EINE NACHT GRATISAngebot g\u00fcltig vom 3. bis zum 26. April und vom 29. September bis zum 15. Oktober 2018.JETZT BUCHENG\u00fcltig nur f\u00fcr Kunden, die \u00fcber den offiziellen Kanal marinarivadelgarda.com buchen. Ohne Vorkasse und mit kostenloser Stornierung. Das Angebot beinhaltet 1 kostenlose Nacht alle 7 N\u00e4chte, die in dem im Angebot angegebenen...","protected":false},"author":1,"featured_media":0,"parent":0,"menu_order":0,"comment_status":"closed","ping_status":"closed","template":"","meta":{"inline_featured_image":false,"footnotes":""},"class_list":["post-736","page","type-page","status-publish","hentry"],"_links":{"self":[{"href":"https:\/\/www.marinarivadelgarda.com\/de\/wp-json\/wp\/v2\/pages\/736","targetHints":{"allow":["GET"]}}],"collection":[{"href":"https:\/\/www.marinarivadelgarda.com\/de\/wp-json\/wp\/v2\/pages"}],"about":[{"href":"https:\/\/www.marinarivadelgarda.com\/de\/wp-json\/wp\/v2\/types\/page"}],"author":[{"embeddable":true,"href":"https:\/\/www.marinarivadelgarda.com\/de\/wp-json\/wp\/v2\/users\/1"}],"replies":[{"embeddable":true,"href":"https:\/\/www.marinarivadelgarda.com\/de\/wp-json\/wp\/v2\/comments?post=736"}],"version-history":[{"count":6,"href":"https:\/\/www.marinarivadelgarda.com\/de\/wp-json\/wp\/v2\/pages\/736\/revisions"}],"predecessor-version":[{"id":1293,"href":"https:\/\/www.marinarivadelgarda.com\/de\/wp-json\/wp\/v2\/pages\/736\/revisions\/1293"}],"wp:attachment":[{"href":"https:\/\/www.marinarivadelgarda.com\/de\/wp-json\/wp\/v2\/media?parent=736"}],"curies":[{"name":"wp","href":"https:\/\/api.w.org\/{rel}","templated":true}]}}