{"id":740,"date":"2018-01-12T10:58:33","date_gmt":"2018-01-12T09:58:33","guid":{"rendered":"https:\/\/www.marinarivadelgarda.com\/?page_id=740"},"modified":"2025-02-06T15:18:29","modified_gmt":"2025-02-06T14:18:29","slug":"pool","status":"publish","type":"page","link":"https:\/\/www.marinarivadelgarda.com\/de\/pool\/","title":{"rendered":"Ferienwohnung mit Pool Riva del Garda"},"content":{"rendered":"<section class=\"l-section wpb_row height_auto\"><div class=\"l-section-h i-cf\"><div class=\"g-cols vc_row via_grid cols_1 laptops-cols_inherit tablets-cols_inherit mobiles-cols_1 valign_middle type_default stacking_default\"><div class=\"wpb_column vc_column_container\"><div class=\"vc_column-inner\">[rev_slider_vc alias=&#8220;piscina&#8220;]<\/div><\/div><\/div><\/div><\/section><section class=\"l-section wpb_row height_medium\"><div class=\"l-section-h i-cf\"><div class=\"g-cols vc_row via_grid cols_2 laptops-cols_inherit tablets-cols_inherit mobiles-cols_1 valign_top type_default stacking_default\"><div class=\"wpb_column vc_column_container\"><div class=\"vc_column-inner\"><div id=\"ultimate-heading-24666a08f21bdd220\" class=\"uvc-heading ult-adjust-bottom-margin ultimate-heading-24666a08f21bdd220 uvc-2864 spruzzo\" data-hspacer=\"line_only\"  data-halign=\"left\" style=\"text-align:left\"><div class=\"uvc-main-heading ult-responsive\"  data-ultimate-target='.uvc-heading.ultimate-heading-24666a08f21bdd220 h1'  data-responsive-json-new='{\"font-size\":\"desktop:40px;\",\"line-height\":\"\"}' ><h1 style=\"font-weight:normal;color:#acbc0d;\">Residence mit Pool<\/h1><\/div><div class=\"uvc-heading-spacer line_only\" style=\"margin-top:10px;margin-bottom:10px;height:1px;\"><span class=\"uvc-headings-line\" style=\"border-style:solid;border-bottom-width:1px;border-color:#acbc0d;width:120px;\"><\/span><\/div><div class=\"uvc-sub-heading ult-responsive\"  data-ultimate-target='.uvc-heading.ultimate-heading-24666a08f21bdd220 .uvc-sub-heading '  data-responsive-json-new='{\"font-size\":\"desktop:30px;\",\"line-height\":\"\"}'  style=\"font-weight:normal;color:#22afec;\">umgeben von viel Gr\u00fcn an den H\u00e4ngen des Monte Brione.<\/div><\/div><\/div><\/div><div class=\"wpb_column vc_column_container\"><div class=\"vc_column-inner\"><div class=\"wpb_text_column giustifica\"><div class=\"wpb_wrapper\"><p>Der Swimmingpool der Residence liegt in einer \u00fcppigen Vegetation, zwischen Palmen, Pinien und Olivenb\u00e4umen, die sowohl einen suggestiven als auch einen angenehmen und entspannenden Panoramablick auf den See bieten.<\/p>\n<p>Eine absolut sichere Umgebung auch f\u00fcr Kinder, die in unmittelbarer N\u00e4he zwischen einem Schwimmbecken und dem anderen auf dem kleinen Spielplatz abgelenkt werden k\u00f6nnen.<\/p>\n<\/div><\/div><\/div><\/div><\/div><\/div><\/section><section class=\"l-section wpb_row dettaglio-appartamento height_auto\"><div class=\"l-section-h i-cf\"><div class=\"g-cols vc_row via_grid cols_2-1 laptops-cols_inherit tablets-cols_inherit mobiles-cols_1 valign_top type_boxes stacking_default\"><div class=\"wpb_column vc_column_container\"><div class=\"vc_column-inner\"><div class=\"w-slider style_none fit_cover nav_none count_3\"><div class=\"w-slider-h\"><div class=\"royalSlider\"><div class=\"rsContent\"><a class=\"rsImg\" data-rsw=\"1920\" data-rsh=\"1080\" href=\"https:\/\/www.marinarivadelgarda.com\/wp-content\/uploads\/2017\/12\/slider-piscina-1.jpg\"><span data-alt=\"\"><\/span><\/a><\/div><div class=\"rsContent\"><a class=\"rsImg\" data-rsw=\"1920\" data-rsh=\"1280\" href=\"https:\/\/www.marinarivadelgarda.com\/wp-content\/uploads\/2017\/11\/rm-1481.jpg\"><span data-alt=\"\"><\/span><\/a><\/div><div class=\"rsContent\"><a class=\"rsImg\" data-rsw=\"1920\" data-rsh=\"1280\" href=\"https:\/\/www.marinarivadelgarda.com\/wp-content\/uploads\/2017\/11\/rm-22.jpg\"><span data-alt=\"\"><\/span><\/a><\/div><\/div><img decoding=\"async\" src=\"https:\/\/www.marinarivadelgarda.com\/wp-content\/uploads\/2017\/12\/slider-piscina-1.jpg\" width=\"1920\" height=\"1080\" alt loading=\"lazy\"><\/div><div class=\"w-slider-json\" onclick='return {&quot;autoScaleSlider&quot;:true,&quot;addActiveClass&quot;:true,&quot;loop&quot;:true,&quot;fadeInLoadedSlide&quot;:false,&quot;slidesSpacing&quot;:0,&quot;imageScalePadding&quot;:0,&quot;numImagesToPreload&quot;:2,&quot;arrowsNav&quot;:true,&quot;arrowsNavAutoHide&quot;:false,&quot;transitionType&quot;:&quot;move&quot;,&quot;transitionSpeed&quot;:250,&quot;block&quot;:{&quot;moveEffect&quot;:&quot;none&quot;,&quot;speed&quot;:300},&quot;thumbs&quot;:{&quot;fitInViewport&quot;:false,&quot;firstMargin&quot;:false,&quot;spacing&quot;:4},&quot;controlNavigation&quot;:&quot;none&quot;,&quot;autoScaleSliderWidth&quot;:1920,&quot;autoScaleSliderHeight&quot;:1080}'><\/div><\/div><\/div><\/div><div class=\"wpb_column vc_column_container us_custom_7c314053\"><div class=\"vc_column-inner\"><div class=\"ult-content-box-container \" >\t\t<div class=\"ult-content-box\" style=\"background-color:#acbc0d;box-shadow: px px px px none;padding:5%;-webkit-transition: all 700ms ease;-moz-transition: all 700ms ease;-ms-transition: all 700ms ease;-o-transition: all 700ms ease;transition: all 700ms ease;\"  data-hover_box_shadow=\"none\"     data-bg=\"#acbc0d\" ><div id=\"ultimate-heading-11916a08f21bdf5fb\" class=\"uvc-heading ult-adjust-bottom-margin ultimate-heading-11916a08f21bdf5fb uvc-9799 \" data-hspacer=\"line_only\"  data-halign=\"left\" style=\"text-align:left\"><div class=\"uvc-main-heading ult-responsive\"  data-ultimate-target='.uvc-heading.ultimate-heading-11916a08f21bdf5fb h3'  data-responsive-json-new='{\"font-size\":\"desktop:35px;\",\"line-height\":\"\"}' ><h3 style=\"font-weight:normal;color:#ffffff;\">DER GARTEN<\/h3><\/div><div class=\"uvc-heading-spacer line_only\" style=\"margin-top:10px;margin-bottom:10px;height:1px;\"><span class=\"uvc-headings-line\" style=\"border-style:solid;border-bottom-width:1px;border-color:#ffffff;width:120px;\"><\/span><\/div><div class=\"uvc-sub-heading ult-responsive\"  data-ultimate-target='.uvc-heading.ultimate-heading-11916a08f21bdf5fb .uvc-sub-heading '  data-responsive-json-new='{\"font-size\":\"desktop:24px;\",\"line-height\":\"\"}'  style=\"font-weight:normal;color:#ffffff;\">genie\u00dfe deinen Urlaub.<\/div><\/div>\t\t<\/div><\/div><div class=\"ult-content-box-container \" >\t\t<div class=\"ult-content-box\" style=\"box-shadow: px px px px none;padding:5%;-webkit-transition: all 700ms ease;-moz-transition: all 700ms ease;-ms-transition: all 700ms ease;-o-transition: all 700ms ease;transition: all 700ms ease;\"  data-hover_box_shadow=\"none\"    ><div class=\"wpb_text_column\"><div class=\"wpb_wrapper\"><h4>KLEINER SPIELBEREICH<\/h4>\n<p>Der kleine Spielbereich in der N\u00e4he des Schwimmbeckens ist der ideale Ort, um den Kinderwunsch nach Spa\u00df und Bewegung zu stillen.<\/p>\n<\/div><\/div><div class=\"w-separator us_custom_7b433d15 has_text_color size_small with_line width_default thick_1 style_solid color_border align_center\"><div class=\"w-separator-h\"><\/div><\/div><div class=\"wpb_text_column\"><div class=\"wpb_wrapper\"><h4>GRILL-BEREICH<\/h4>\n<p>F\u00fcr den Barbecue an der frischen Luft, den du schon seit langem mit einem gro\u00dfen h\u00f6lzernen Tisch machen wolltest, damit du deine G\u00e4ste servieren kannst.<\/p>\n<\/div><\/div>\t\t<\/div><\/div><\/div><\/div><\/div><\/div><\/section>\n","protected":false},"excerpt":{"rendered":"[rev_slider_vc alias=\"piscina\"]Residence mit Poolumgeben von viel Gr\u00fcn an den H\u00e4ngen des Monte Brione.Der Swimmingpool der Residence liegt in einer \u00fcppigen Vegetation, zwischen Palmen, Pinien und Olivenb\u00e4umen, die sowohl einen suggestiven als auch einen angenehmen und entspannenden Panoramablick auf den See bieten. Eine absolut sichere Umgebung auch f\u00fcr Kinder, die in unmittelbarer N\u00e4he zwischen einem Schwimmbecken...","protected":false},"author":1,"featured_media":0,"parent":0,"menu_order":0,"comment_status":"closed","ping_status":"closed","template":"","meta":{"inline_featured_image":false,"footnotes":""},"class_list":["post-740","page","type-page","status-publish","hentry"],"_links":{"self":[{"href":"https:\/\/www.marinarivadelgarda.com\/de\/wp-json\/wp\/v2\/pages\/740","targetHints":{"allow":["GET"]}}],"collection":[{"href":"https:\/\/www.marinarivadelgarda.com\/de\/wp-json\/wp\/v2\/pages"}],"about":[{"href":"https:\/\/www.marinarivadelgarda.com\/de\/wp-json\/wp\/v2\/types\/page"}],"author":[{"embeddable":true,"href":"https:\/\/www.marinarivadelgarda.com\/de\/wp-json\/wp\/v2\/users\/1"}],"replies":[{"embeddable":true,"href":"https:\/\/www.marinarivadelgarda.com\/de\/wp-json\/wp\/v2\/comments?post=740"}],"version-history":[{"count":4,"href":"https:\/\/www.marinarivadelgarda.com\/de\/wp-json\/wp\/v2\/pages\/740\/revisions"}],"predecessor-version":[{"id":1295,"href":"https:\/\/www.marinarivadelgarda.com\/de\/wp-json\/wp\/v2\/pages\/740\/revisions\/1295"}],"wp:attachment":[{"href":"https:\/\/www.marinarivadelgarda.com\/de\/wp-json\/wp\/v2\/media?parent=740"}],"curies":[{"name":"wp","href":"https:\/\/api.w.org\/{rel}","templated":true}]}}