{"id":750,"date":"2018-01-12T11:35:19","date_gmt":"2018-01-12T10:35:19","guid":{"rendered":"https:\/\/www.marinarivadelgarda.com\/?page_id=750"},"modified":"2025-02-06T15:18:30","modified_gmt":"2025-02-06T14:18:30","slug":"aufenthaltsbedingungen","status":"publish","type":"page","link":"https:\/\/www.marinarivadelgarda.com\/de\/aufenthaltsbedingungen\/","title":{"rendered":"Aufenthaltsbedingungen"},"content":{"rendered":"<section class=\"l-section wpb_row height_auto\"><div class=\"l-section-h i-cf\"><div class=\"g-cols vc_row via_grid cols_1 laptops-cols_inherit tablets-cols_inherit mobiles-cols_1 valign_middle type_default stacking_default\"><div class=\"wpb_column vc_column_container\"><div class=\"vc_column-inner\"><div id=\"ultimate-heading-89116a08f21bdc53a\" class=\"uvc-heading ult-adjust-bottom-margin ultimate-heading-89116a08f21bdc53a uvc-3992 \" data-hspacer=\"image_only\"  data-halign=\"center\" style=\"text-align:center\"><div class=\"uvc-main-heading ult-responsive\"  data-ultimate-target='.uvc-heading.ultimate-heading-89116a08f21bdc53a h1'  data-responsive-json-new='{\"font-size\":\"\",\"line-height\":\"\"}' ><h1 style=\"font-weight:normal;color:#22afec;margin-top:50px;\">AUFENTHALTSBEDINGUNGEN<\/h1><\/div><div class=\"uvc-heading-spacer image_only\" style=\"margin-top:10px;margin-bottom:10px;\"><img decoding=\"async\" src=\"https:\/\/www.marinarivadelgarda.com\/wp-content\/uploads\/2017\/11\/divisore-onda-verde.svg\" class=\"ultimate-headings-icon-image\" alt=\"null\" style=\"width:48px\"\/><\/div><div class=\"uvc-sub-heading ult-responsive\"  data-ultimate-target='.uvc-heading.ultimate-heading-89116a08f21bdc53a .uvc-sub-heading '  data-responsive-json-new='{\"font-size\":\"desktop:22px;\",\"line-height\":\"\"}'  style=\"font-weight:normal;margin-bottom:50px;\">\n<p style=\"text-align: center;\"><span style=\"color: #e48613;\">N\u00fctzliche Informationen zur Buchung<\/span><\/p>\n<\/div><\/div><div class=\"g-cols wpb_row us_custom_243b8bfc via_grid cols_2 laptops-cols_inherit tablets-cols_inherit mobiles-cols_1 valign_middle type_default stacking_default\" style=\"--columns-gap:3rem;\"><div class=\"wpb_column vc_column_container\"><div class=\"vc_column-inner\"><div class=\"wpb_text_column us_custom_065ae1e2\"><div class=\"wpb_wrapper\"><h3><i class=\"fa fa-thumbs-o-up\" aria-hidden=\"true\"><\/i> ALLE DIENSTLEISTUNGEN DER RESIDENCE<\/h3>\n<p>IM AUFENTHALTSPREIS INBEGRIFFEN<\/p>\n<ul>\n<li>Privater Parkplatz nach Verf\u00fcgbarkeit<\/li>\n<li>Endreinigung<\/li>\n<li>Wi-Fi in der gesamten Residence<\/li>\n<li>Nutzung von Schwimmbad und Garten<\/li>\n<li>Raucherbereich<\/li>\n<li>Gep\u00e4ckaufbewahrung<\/li>\n<li>Terrasse und Sonnenterrasse<\/li>\n<li>Concierge-Service<\/li>\n<\/ul>\n<\/div><\/div><div class=\"wpb_text_column us_custom_065ae1e2\"><div class=\"wpb_wrapper\"><h3><i class=\"fa fa-life-ring\" aria-hidden=\"true\"><\/i> BENUTZUNG DES SCHWIMMBADS<\/h3>\n<p>Der private Swimmingpool befindet sich im Garten der Residence Marina und steht allen G\u00e4sten zur Verf\u00fcgung.<\/p>\n<\/div><\/div><\/div><\/div><div class=\"wpb_column vc_column_container\"><div class=\"vc_column-inner\"><div class=\"wpb_text_column us_custom_065ae1e2\"><div class=\"wpb_wrapper\"><h3><i class=\"fa fa-users\" aria-hidden=\"true\"><\/i> ERM\u00c4\u00dfIGUNGEN<\/h3>\n<p>100% Erm\u00e4\u00dfigung f\u00fcr Kinder bis zu 2 Jahren<\/p>\n<\/div><\/div><div class=\"wpb_text_column us_custom_065ae1e2\"><div class=\"wpb_wrapper\"><h3><i class=\"fa fa-clock-o\" aria-hidden=\"true\"><\/i> ZEITEN<\/h3>\n<p>Einchecken ab 14:30 Uhr<br \/>\nAuschecken bis 10 Uhr;<\/p>\n<\/div><\/div><div class=\"wpb_text_column us_custom_065ae1e2\"><div class=\"wpb_wrapper\"><h3>N\u00dcTZLICHES<\/h3>\n<ul>\n<li>APOTHEKE IM ZENTRUM VON RIVA DEL GARDA &#8211; 2KM<\/li>\n<li>\u00c4RZTLICHER NOTDIENST &#8211; 300 METER<\/li>\n<li>SUPERMARKT &#8211; 700 METER<\/li>\n<li>STRAND SABBIONI &#8211; 1 KM<\/li>\n<li>STRAND DEI PINI &#8211; 600 METER<\/li>\n<li>HAFEN SAN NICOL\u00d2 &#8211; 300 METRI<\/li>\n<\/ul>\n<\/div><\/div><\/div><\/div><\/div><\/div><\/div><\/div><\/div><\/section>\n","protected":false},"excerpt":{"rendered":"AUFENTHALTSBEDINGUNGEN N\u00fctzliche Informationen zur Buchung ALLE DIENSTLEISTUNGEN DER RESIDENCE IM AUFENTHALTSPREIS INBEGRIFFEN Privater Parkplatz nach Verf\u00fcgbarkeit Endreinigung Wi-Fi in der gesamten Residence Nutzung von Schwimmbad und Garten Raucherbereich Gep\u00e4ckaufbewahrung Terrasse und Sonnenterrasse Concierge-Service BENUTZUNG DES SCHWIMMBADS Der private Swimmingpool befindet sich im Garten der Residence Marina und steht allen G\u00e4sten zur Verf\u00fcgung. ERM\u00c4\u00dfIGUNGEN 100% Erm\u00e4\u00dfigung...","protected":false},"author":1,"featured_media":0,"parent":0,"menu_order":0,"comment_status":"closed","ping_status":"closed","template":"","meta":{"inline_featured_image":false,"footnotes":""},"class_list":["post-750","page","type-page","status-publish","hentry"],"_links":{"self":[{"href":"https:\/\/www.marinarivadelgarda.com\/de\/wp-json\/wp\/v2\/pages\/750","targetHints":{"allow":["GET"]}}],"collection":[{"href":"https:\/\/www.marinarivadelgarda.com\/de\/wp-json\/wp\/v2\/pages"}],"about":[{"href":"https:\/\/www.marinarivadelgarda.com\/de\/wp-json\/wp\/v2\/types\/page"}],"author":[{"embeddable":true,"href":"https:\/\/www.marinarivadelgarda.com\/de\/wp-json\/wp\/v2\/users\/1"}],"replies":[{"embeddable":true,"href":"https:\/\/www.marinarivadelgarda.com\/de\/wp-json\/wp\/v2\/comments?post=750"}],"version-history":[{"count":2,"href":"https:\/\/www.marinarivadelgarda.com\/de\/wp-json\/wp\/v2\/pages\/750\/revisions"}],"predecessor-version":[{"id":1299,"href":"https:\/\/www.marinarivadelgarda.com\/de\/wp-json\/wp\/v2\/pages\/750\/revisions\/1299"}],"wp:attachment":[{"href":"https:\/\/www.marinarivadelgarda.com\/de\/wp-json\/wp\/v2\/media?parent=750"}],"curies":[{"name":"wp","href":"https:\/\/api.w.org\/{rel}","templated":true}]}}